{"id":22,"date":"2022-02-09T03:22:12","date_gmt":"2022-02-09T03:22:12","guid":{"rendered":"https:\/\/redesim.facmed.unam.mx\/?page_id=22"},"modified":"2025-09-01T19:18:10","modified_gmt":"2025-09-01T19:18:10","slug":"inicio","status":"publish","type":"page","link":"https:\/\/redesim.facmed.unam.mx\/","title":{"rendered":"INICIO"},"content":{"rendered":"<p>[et_pb_section fb_built=\u00bb1&#8243; fullwidth=\u00bbon\u00bb _builder_version=\u00bb4.19.5&#8243; _module_preset=\u00bbdefault\u00bb global_colors_info=\u00bb{}\u00bb][et_pb_fullwidth_slider _builder_version=\u00bb4.24.0&#8243; _module_preset=\u00bbdefault\u00bb text_orientation=\u00bbleft\u00bb auto=\u00bbon\u00bb auto_ignore_hover=\u00bbon\u00bb global_colors_info=\u00bb{}\u00bb][et_pb_slide _builder_version=\u00bb4.19.5&#8243; _module_preset=\u00bbdefault\u00bb background_image=\u00bbhttps:\/\/redesim.facmed.unam.mx\/wp-content\/uploads\/2023\/02\/REDESIM-Slider-01.png\u00bb background_enable_image=\u00bbon\u00bb global_colors_info=\u00bb{}\u00bb sticky_transition=\u00bbon\u00bb][\/et_pb_slide][et_pb_slide heading=\u00bbREVISTA DE SIMULACI\u00d3N\u00bb button_text=\u00bbLEER %91 + %93&#8243; button_link=\u00bbhttps:\/\/revsimulacion.facmed.unam.mx\/index.php\/rscsfm\/index\u00bb url_new_window=\u00bbon\u00bb _builder_version=\u00bb4.24.0&#8243; _module_preset=\u00bbdefault\u00bb header_text_color=\u00bb#2e3851&#8243; body_text_color=\u00bb#2e3851&#8243; background_image=\u00bbhttps:\/\/redesim.facmed.unam.mx\/wp-content\/uploads\/2024\/04\/DICiM-Slider-2024_03.png\u00bb background_enable_image=\u00bbon\u00bb custom_button=\u00bbon\u00bb button_text_color=\u00bb#FFFFFF\u00bb button_bg_color=\u00bb#2e3851&#8243; button_border_color=\u00bb#2e3851&#8243; background_layout=\u00bblight\u00bb link_option_url_new_window=\u00bbon\u00bb global_colors_info=\u00bb{}\u00bb sticky_transition=\u00bbon\u00bb]<\/p>\n<p>EN CIENCIAS DE LA SALUD | REVSIMCS<\/p>\n<p>[\/et_pb_slide][et_pb_slide heading=\u00bbSIMULACI\u00d3N EN CIENCIAS DE LA SALUD\u00bb button_text=\u00bbLEER %91 + %93&#8243; button_link=\u00bbhttps:\/\/dicim.facmed.unam.mx\/index.php\/mooc-en-simulacion-en-ciencias-de-la-salud\/\u00bb url_new_window=\u00bbon\u00bb _builder_version=\u00bb4.24.0&#8243; _module_preset=\u00bbdefault\u00bb header_text_color=\u00bb#FFFFFF\u00bb background_image=\u00bbhttps:\/\/redesim.facmed.unam.mx\/wp-content\/uploads\/2023\/07\/DICiM-Slider-2023-07.png\u00bb background_enable_image=\u00bbon\u00bb custom_button=\u00bbon\u00bb button_text_color=\u00bb#242424&#8243; button_bg_color=\u00bb#07e89d\u00bb button_border_color=\u00bb#07e89d\u00bb link_option_url_new_window=\u00bbon\u00bb global_colors_info=\u00bb{}\u00bb sticky_transition=\u00bbon\u00bb]<\/p>\n<p>MOOC &#8211; COURSERA<\/p>\n<p>[\/et_pb_slide][et_pb_slide heading=\u00bbPODCAST REDESIM\u00bb button_text=\u00bbESC\u00daCHALO AHORA\u00bb button_link=\u00bbhttps:\/\/redesim.facmed.unam.mx\/index.php\/podcast-temporada-2\/\u00bb _builder_version=\u00bb4.24.0&#8243; _module_preset=\u00bbdefault\u00bb header_text_color=\u00bb#1FD7E0&#8243; background_image=\u00bbhttps:\/\/redesim.facmed.unam.mx\/wp-content\/uploads\/2023\/02\/REDESIM-Slider-02.png\u00bb background_enable_image=\u00bbon\u00bb custom_button=\u00bbon\u00bb button_text_color=\u00bb#242424&#8243; button_bg_color=\u00bb#1FD7E0&#8243; button_border_color=\u00bb#1fd7e0&#8243; global_colors_info=\u00bb{}\u00bb sticky_transition=\u00bbon\u00bb]<\/p>\n<p>NUEVA TEMPORADA<\/p>\n<p>[\/et_pb_slide][\/et_pb_fullwidth_slider][\/et_pb_section][et_pb_section fb_built=\u00bb1&#8243; _builder_version=\u00bb4.19.5&#8243; _module_preset=\u00bbdefault\u00bb background_color=\u00bb#f7f7f7&#8243; custom_padding=\u00bb50px||50px|||\u00bb global_colors_info=\u00bb{}\u00bb][et_pb_row column_structure=\u00bb1_2,1_2&#8243; _builder_version=\u00bb4.16&#8243; _module_preset=\u00bbdefault\u00bb global_colors_info=\u00bb{}\u00bb][et_pb_column type=\u00bb1_2&#8243; _builder_version=\u00bb4.16&#8243; _module_preset=\u00bbdefault\u00bb global_colors_info=\u00bb{}\u00bb][et_pb_text _builder_version=\u00bb4.19.5&#8243; _module_preset=\u00bbdefault\u00bb text_text_color=\u00bb#FFFFFF\u00bb text_font_size=\u00bb18px\u00bb text_line_height=\u00bb2em\u00bb header_text_color=\u00bb#1FD7E0&#8243; global_colors_info=\u00bb{}\u00bb]<\/p>\n<h1 style=\"text-align: justify;\"><span>PR\u00d3XIMOS EVENTOS<\/span><\/h1>\n<p>[\/et_pb_text][\/et_pb_column][et_pb_column type=\u00bb1_2&#8243; _builder_version=\u00bb4.16&#8243; _module_preset=\u00bbdefault\u00bb global_colors_info=\u00bb{}\u00bb][\/et_pb_column][\/et_pb_row][et_pb_row _builder_version=\u00bb4.24.0&#8243; _module_preset=\u00bbdefault\u00bb global_colors_info=\u00bb{}\u00bb][et_pb_column type=\u00bb4_4&#8243; _builder_version=\u00bb4.24.0&#8243; _module_preset=\u00bbdefault\u00bb global_colors_info=\u00bb{}\u00bb][dica_divi_carousel show_items_desktop=\u00bb2&#8243; show_items_tablet=\u00bb2&#8243; multislide=\u00bbon\u00bb transition_duration=\u00bb1100&#8243; autoplay=\u00bbon\u00bb hoverpause=\u00bbon\u00bb item_vertical_align=\u00bbflex-start\u00bb advanced_effect=\u00bb1&#8243; overlay_color_field_bgcolor=\u00bbrgba(255,255,255,0.85)\u00bb _builder_version=\u00bb4.27.4&#8243; _module_preset=\u00bbdefault\u00bb hover_enabled=\u00bb0&#8243; global_colors_info=\u00bb{}\u00bb sticky_enabled=\u00bb0&#8243;][dica_divi_carouselitem title=\u00bbSOCHISIM | SANTIAGO\u00bb sub_title=\u00bbIX CONGRESO SOCIEDAD CHILENA DE SIMULACI\u00d3N CL\u00cdNICA\u00bb url=\u00bbhttps:\/\/www.sochisim.org\/copia-de-congreso-3&#8243; url_new_window=\u00bbon\u00bb button_url_new_window=\u00bb1&#8243; image=\u00bbhttps:\/\/redesim.facmed.unam.mx\/wp-content\/uploads\/2025\/09\/eventos.2025_01.jpg\u00bb _builder_version=\u00bb4.27.4&#8243; _module_preset=\u00bbdefault\u00bb header_font_size=\u00bb17px\u00bb header_line_height=\u00bb3.5em\u00bb subtitle_font_size=\u00bb14px\u00bb subtitle_line_height=\u00bb0.5em\u00bb body_font_size=\u00bb13px\u00bb hover_enabled=\u00bb0&#8243; global_colors_info=\u00bb{}\u00bb sticky_enabled=\u00bb0&#8243; title_text=\u00bbeventos.2025_01&#8243;]<\/p>\n<p class=\"p1\">SEGURIDAD PSICOL\u00d3GICA Y HUMANIZACI\u00d3N:<br \/>UN GIRO AL CORAZ\u00d3N DE LA SIMULACI\u00d3N<br \/><strong>06 \u2013 07 NOVIEMBRE, 2025<\/strong><br \/><span>SITIO WEB: <a href=\"https:\/\/www.sochisim.org\/\" target=\"_blank\" rel=\"noopener\">www.sochisim.org<\/a><\/span><\/p>\n<p>[\/dica_divi_carouselitem][dica_divi_carouselitem title=\u00bbSIMex | CIUDAD DE M\u00c9XICO\u00bb sub_title=\u00bb9\u00ba ENCUENTRO INTERNACIONAL DE SIMULACI\u00d3N CL\u00cdNICA\u00bb url=\u00bbhttps:\/\/simex.facmed.unam.mx\/\u00bb url_new_window=\u00bbon\u00bb button_url_new_window=\u00bb1&#8243; image=\u00bbhttps:\/\/redesim.facmed.unam.mx\/wp-content\/uploads\/2025\/09\/eventos.2025_02.jpg\u00bb _builder_version=\u00bb4.27.4&#8243; _module_preset=\u00bbdefault\u00bb header_font_size=\u00bb17px\u00bb header_line_height=\u00bb3.5em\u00bb subtitle_font_size=\u00bb14px\u00bb subtitle_line_height=\u00bb0.5em\u00bb body_font_size=\u00bb13px\u00bb hover_enabled=\u00bb0&#8243; global_colors_info=\u00bb{}\u00bb sticky_enabled=\u00bb0&#8243; title_text=\u00bbeventos.2025_02&#8243;]<\/p>\n<p class=\"p1\">LA SIMULACI\u00d3N CL\u00cdNICA DEL FUTURO<br \/><strong>26 \u2013 28 NOVIEMBRE, 2025<\/strong><br \/><span>SITIO WEB: <a href=\"http:\/\/www.simex.unam.mx\/\" target=\"_blank\" rel=\"noopener noreferrer\">simex.facmed.unam.mx<\/a><\/span><\/p>\n<p>[\/dica_divi_carouselitem][dica_divi_carouselitem title=\u00bbSESAM | LYON\u00bb sub_title=\u00bbSOCIETY FOR SIMULATION IN EUROPE\u00bb url=\u00bbhttps:\/\/www.sesam-web.org\/events\/event\/sesam-prague-2024\/\u00bb url_new_window=\u00bbon\u00bb button_url_new_window=\u00bb1&#8243; image=\u00bbhttps:\/\/redesim.facmed.unam.mx\/wp-content\/uploads\/2025\/09\/eventos.2025_03.jpg\u00bb _builder_version=\u00bb4.27.4&#8243; _module_preset=\u00bbdefault\u00bb header_font_size=\u00bb17px\u00bb header_line_height=\u00bb3.5em\u00bb subtitle_font_size=\u00bb14px\u00bb subtitle_line_height=\u00bb0.5em\u00bb body_font_size=\u00bb13px\u00bb hover_enabled=\u00bb0&#8243; global_colors_info=\u00bb{}\u00bb sticky_enabled=\u00bb0&#8243; title_text=\u00bbeventos.2025_03&#8243;]<\/p>\n<p class=\"p1\">CELEBRATING THE DIVERSE COMMUNITY OF HEALTHCARE SIMULATION<br \/><strong>17 \u2013 19 JUNIO, 2026<\/strong><br \/><span>SITIO WEB: <a href=\"https:\/\/www.sesam-web.org\/\" target=\"_blank\" rel=\"noopener\">www.sesam-web.org<\/a><\/span><\/p>\n<p>[\/dica_divi_carouselitem][\/dica_divi_carousel][\/et_pb_column][\/et_pb_row][\/et_pb_section][et_pb_section fb_built=\u00bb1&#8243; _builder_version=\u00bb4.16&#8243; _module_preset=\u00bbdefault\u00bb background_image=\u00bbhttps:\/\/redesim.facmed.unam.mx\/wp-content\/uploads\/2022\/02\/Index-Eventos.png\u00bb parallax=\u00bbon\u00bb custom_padding=\u00bb70px||70px|||\u00bb global_colors_info=\u00bb{}\u00bb][et_pb_row column_structure=\u00bb3_4,1_4&#8243; _builder_version=\u00bb4.16&#8243; _module_preset=\u00bbdefault\u00bb custom_padding=\u00bb||0px|||\u00bb global_colors_info=\u00bb{}\u00bb][et_pb_column type=\u00bb3_4&#8243; _builder_version=\u00bb4.16&#8243; _module_preset=\u00bbdefault\u00bb global_colors_info=\u00bb{}\u00bb][et_pb_text _builder_version=\u00bb4.19.5&#8243; _module_preset=\u00bbdefault\u00bb text_font_size=\u00bb18px\u00bb text_line_height=\u00bb2em\u00bb header_text_color=\u00bb#1FD7E0&#8243; background_layout=\u00bbdark\u00bb global_colors_info=\u00bb{}\u00bb]<\/p>\n<h1 style=\"text-align: justify;\"><span>OBJETIVO REDESIM<\/span><\/h1>\n<p style=\"text-align: justify;\"><span><\/span><\/p>\n<p style=\"text-align: justify;\"><span><\/span><\/p>\n<p style=\"text-align: justify;\"><span>Este es un espacio para\u00a0<strong>intercambiar experiencias educativas<\/strong>\u00a0que se han generado con la implementaci\u00f3n, desarrollo e innovaci\u00f3n de la\u00a0<strong>ense\u00f1anza basada en simulaci\u00f3n<\/strong>, adem\u00e1s de promover las buenas pr\u00e1ctica en la formaci\u00f3n m\u00e9dica y para\u00a0la seguridad del paciente.<\/span><\/p>\n<p>[\/et_pb_text][\/et_pb_column][et_pb_column type=\u00bb1_4&#8243; _builder_version=\u00bb4.16&#8243; _module_preset=\u00bbdefault\u00bb global_colors_info=\u00bb{}\u00bb][et_pb_image src=\u00bbhttps:\/\/redesim.facmed.unam.mx\/wp-content\/uploads\/2022\/02\/Logo-redesim02.png\u00bb title_text=\u00bbLogo-redesim02&#8243; _builder_version=\u00bb4.19.5&#8243; _module_preset=\u00bbdefault\u00bb width=\u00bb85%\u00bb module_alignment=\u00bbcenter\u00bb custom_margin=\u00bb50px|||||\u00bb custom_padding=\u00bb0px|||||\u00bb global_colors_info=\u00bb{}\u00bb][\/et_pb_image][\/et_pb_column][\/et_pb_row][et_pb_row column_structure=\u00bb1_4,3_4&#8243; _builder_version=\u00bb4.17.4&#8243; _module_preset=\u00bbdefault\u00bb custom_margin=\u00bb1px|auto||auto||\u00bb custom_padding=\u00bb0px||0px|||\u00bb global_colors_info=\u00bb{}\u00bb][et_pb_column type=\u00bb1_4&#8243; _builder_version=\u00bb4.17.4&#8243; _module_preset=\u00bbdefault\u00bb global_colors_info=\u00bb{}\u00bb][et_pb_image src=\u00bbhttps:\/\/redesim.facmed.unam.mx\/wp-content\/uploads\/2022\/06\/Redesim-telegram.png\u00bb title_text=\u00bbRedesim &#8211; telegram\u00bb url=\u00bbhttps:\/\/t.me\/+JhHjEoZdrcQ3NjMx\u00bb url_new_window=\u00bbon\u00bb _builder_version=\u00bb4.17.4&#8243; _module_preset=\u00bbdefault\u00bb width=\u00bb25%\u00bb module_alignment=\u00bbcenter\u00bb global_colors_info=\u00bb{}\u00bb][\/et_pb_image][\/et_pb_column][et_pb_column type=\u00bb3_4&#8243; _builder_version=\u00bb4.17.4&#8243; _module_preset=\u00bbdefault\u00bb global_colors_info=\u00bb{}\u00bb][et_pb_text _builder_version=\u00bb4.19.5&#8243; _module_preset=\u00bbdefault\u00bb background_layout=\u00bbdark\u00bb custom_margin=\u00bb|||-100px||\u00bb link_option_url=\u00bbhttps:\/\/t.me\/+JhHjEoZdrcQ3NjMx\u00bb link_option_url_new_window=\u00bbon\u00bb global_colors_info=\u00bb{}\u00bb]<\/p>\n<p><span style=\"color: #1fd7e0;\"><strong>\u00a1\u00daNETE A NUESTRA COMUNIDAD!<br \/><\/strong><\/span><span style=\"text-decoration: underline; font-size: small;\">Cont\u00e1ctanos directamente aqu\u00ed por nuestro canal de <strong>TELEGRAM<\/strong>.<\/span><\/p>\n<p>[\/et_pb_text][\/et_pb_column][\/et_pb_row][\/et_pb_section][et_pb_section fb_built=\u00bb1&#8243; _builder_version=\u00bb4.16&#8243; _module_preset=\u00bbdefault\u00bb global_colors_info=\u00bb{}\u00bb][et_pb_row column_structure=\u00bb3_4,1_4&#8243; _builder_version=\u00bb4.16&#8243; _module_preset=\u00bbdefault\u00bb global_colors_info=\u00bb{}\u00bb][et_pb_column type=\u00bb3_4&#8243; _builder_version=\u00bb4.16&#8243; _module_preset=\u00bbdefault\u00bb global_colors_info=\u00bb{}\u00bb][et_pb_text _builder_version=\u00bb4.16&#8243; _module_preset=\u00bbdefault\u00bb text_font_size=\u00bb18px\u00bb text_line_height=\u00bb2em\u00bb header_text_color=\u00bb#1FD7E0&#8243; global_colors_info=\u00bb{}\u00bb]<\/p>\n<h1 style=\"text-align: justify;\"><span>BLOG DE COLABORACI\u00d3N<\/span><\/h1>\n<p style=\"text-align: justify;\"><span><\/span><\/p>\n<p style=\"text-align: justify;\"><span><\/span><\/p>\n<p>[\/et_pb_text][\/et_pb_column][et_pb_column type=\u00bb1_4&#8243; _builder_version=\u00bb4.16&#8243; _module_preset=\u00bbdefault\u00bb global_colors_info=\u00bb{}\u00bb][\/et_pb_column][\/et_pb_row][et_pb_row _builder_version=\u00bb4.16&#8243; _module_preset=\u00bbdefault\u00bb global_colors_info=\u00bb{}\u00bb][et_pb_column type=\u00bb4_4&#8243; _builder_version=\u00bb4.16&#8243; _module_preset=\u00bbdefault\u00bb global_colors_info=\u00bb{}\u00bb][et_pb_blog fullwidth=\u00bboff\u00bb posts_number=\u00bb9&#8243; excerpt_length=\u00bb250&#8243; show_more=\u00bbon\u00bb show_categories=\u00bboff\u00bb _builder_version=\u00bb4.16&#8243; _module_preset=\u00bbdefault\u00bb header_line_height=\u00bb1.5em\u00bb body_font_size=\u00bb13px\u00bb body_line_height=\u00bb1.5em\u00bb meta_text_color=\u00bb#1FD7E0&#8243; meta_font_size=\u00bb11px\u00bb read_more_font=\u00bb|600|||||||\u00bb read_more_text_color=\u00bb#1FD7E0&#8243; read_more_font_size=\u00bb15px\u00bb read_more_line_height=\u00bb2em\u00bb global_colors_info=\u00bb{}\u00bb][\/et_pb_blog][\/et_pb_column][\/et_pb_row][et_pb_row column_structure=\u00bb3_4,1_4&#8243; _builder_version=\u00bb4.16&#8243; _module_preset=\u00bbdefault\u00bb custom_padding=\u00bb0px|||||\u00bb global_colors_info=\u00bb{}\u00bb][et_pb_column type=\u00bb3_4&#8243; _builder_version=\u00bb4.16&#8243; _module_preset=\u00bbdefault\u00bb global_colors_info=\u00bb{}\u00bb][et_pb_text _builder_version=\u00bb4.16&#8243; _module_preset=\u00bbdefault\u00bb custom_padding=\u00bb||11px|||\u00bb global_colors_info=\u00bb{}\u00bb]<\/p>\n<p><span style=\"font-size: small;\">\u00bfQUI\u00c9N PUEDE CONTRIBUIR EN EL BLOG? \/\u00a0<em>TODOS\u00a0aquellos interesados en difundir alguna opini\u00f3n, experiencia, tema o proyecto de investigaci\u00f3n acerca de la simulaci\u00f3n cl\u00ednica<\/em>. <\/span><span><span style=\"font-size: x-small;\">[ + ] INFORMACI\u00d3N SOBRE LAS FORMAS DE COLABORAR:<\/span>\u00a0<span style=\"font-size: small;\"><a href=\"https:\/\/redesim.facmed.unam.mx\/index.php\/como-contribuir\/\">redesim.unam.mx\/como-contribuir<\/a><\/span><\/span><span style=\"font-size: small;\">.<\/span><\/p>\n<p>[\/et_pb_text][\/et_pb_column][et_pb_column type=\u00bb1_4&#8243; _builder_version=\u00bb4.16&#8243; _module_preset=\u00bbdefault\u00bb global_colors_info=\u00bb{}\u00bb][et_pb_button button_url=\u00bbhttps:\/\/redesim.facmed.unam.mx\/index.php\/blog\/\u00bb button_text=\u00bbBLOG REDESIM\u00bb button_alignment=\u00bbcenter\u00bb _builder_version=\u00bb4.16&#8243; _module_preset=\u00bbdefault\u00bb global_colors_info=\u00bb{}\u00bb][\/et_pb_button][\/et_pb_column][\/et_pb_row][\/et_pb_section][et_pb_section fb_built=\u00bb1&#8243; _builder_version=\u00bb4.16&#8243; _module_preset=\u00bbdefault\u00bb background_color=\u00bb#202936&#8243; global_colors_info=\u00bb{}\u00bb][et_pb_row _builder_version=\u00bb4.16&#8243; _module_preset=\u00bbdefault\u00bb global_colors_info=\u00bb{}\u00bb][et_pb_column type=\u00bb4_4&#8243; _builder_version=\u00bb4.16&#8243; _module_preset=\u00bbdefault\u00bb global_colors_info=\u00bb{}\u00bb][et_pb_text _builder_version=\u00bb4.16&#8243; _module_preset=\u00bbdefault\u00bb text_text_color=\u00bb#FFFFFF\u00bb text_font_size=\u00bb18px\u00bb text_line_height=\u00bb2em\u00bb header_text_color=\u00bb#1FD7E0&#8243; global_colors_info=\u00bb{}\u00bb]<\/p>\n<h1 style=\"text-align: justify;\"><span>ENV\u00cdANOS TUS COMENTARIOS<\/span><\/h1>\n<p style=\"text-align: justify;\"><span><\/span><\/p>\n<p style=\"text-align: justify;\"><span><\/span><\/p>\n<p style=\"text-align: justify;\"><span>Ponte en <strong>contacto <\/strong>con nostros.<\/span><\/p>\n<p>[\/et_pb_text][et_pb_contact_form email=\u00bbredesim@facmed.unam.mx\u00bb _builder_version=\u00bb4.16&#8243; _module_preset=\u00bbdefault\u00bb _unique_id=\u00bbce08f305-8f9a-4ed2-af63-6adbb3911869&#8243; global_colors_info=\u00bb{}\u00bb][et_pb_contact_field field_id=\u00bbName\u00bb field_title=\u00bbNombre\u00bb _builder_version=\u00bb4.16&#8243; global_colors_info=\u00bb{}\u00bb button_text_size__hover_enabled=\u00bboff\u00bb button_one_text_size__hover_enabled=\u00bboff\u00bb button_two_text_size__hover_enabled=\u00bboff\u00bb button_text_color__hover_enabled=\u00bboff\u00bb button_one_text_color__hover_enabled=\u00bboff\u00bb button_two_text_color__hover_enabled=\u00bboff\u00bb button_border_width__hover_enabled=\u00bboff\u00bb button_one_border_width__hover_enabled=\u00bboff\u00bb button_two_border_width__hover_enabled=\u00bboff\u00bb button_border_color__hover_enabled=\u00bboff\u00bb button_one_border_color__hover_enabled=\u00bboff\u00bb button_two_border_color__hover_enabled=\u00bboff\u00bb button_border_radius__hover_enabled=\u00bboff\u00bb button_one_border_radius__hover_enabled=\u00bboff\u00bb button_two_border_radius__hover_enabled=\u00bboff\u00bb button_letter_spacing__hover_enabled=\u00bboff\u00bb button_one_letter_spacing__hover_enabled=\u00bboff\u00bb button_two_letter_spacing__hover_enabled=\u00bboff\u00bb button_bg_color__hover_enabled=\u00bboff\u00bb button_one_bg_color__hover_enabled=\u00bboff\u00bb button_two_bg_color__hover_enabled=\u00bboff\u00bb][\/et_pb_contact_field][et_pb_contact_field field_id=\u00bbEmail\u00bb field_title=\u00bbDirecci\u00f3n de correo electr\u00f3nico\u00bb field_type=\u00bbemail\u00bb _builder_version=\u00bb4.16&#8243; global_colors_info=\u00bb{}\u00bb button_text_size__hover_enabled=\u00bboff\u00bb button_one_text_size__hover_enabled=\u00bboff\u00bb button_two_text_size__hover_enabled=\u00bboff\u00bb button_text_color__hover_enabled=\u00bboff\u00bb button_one_text_color__hover_enabled=\u00bboff\u00bb button_two_text_color__hover_enabled=\u00bboff\u00bb button_border_width__hover_enabled=\u00bboff\u00bb button_one_border_width__hover_enabled=\u00bboff\u00bb button_two_border_width__hover_enabled=\u00bboff\u00bb button_border_color__hover_enabled=\u00bboff\u00bb button_one_border_color__hover_enabled=\u00bboff\u00bb button_two_border_color__hover_enabled=\u00bboff\u00bb button_border_radius__hover_enabled=\u00bboff\u00bb button_one_border_radius__hover_enabled=\u00bboff\u00bb button_two_border_radius__hover_enabled=\u00bboff\u00bb button_letter_spacing__hover_enabled=\u00bboff\u00bb button_one_letter_spacing__hover_enabled=\u00bboff\u00bb button_two_letter_spacing__hover_enabled=\u00bboff\u00bb button_bg_color__hover_enabled=\u00bboff\u00bb button_one_bg_color__hover_enabled=\u00bboff\u00bb button_two_bg_color__hover_enabled=\u00bboff\u00bb][\/et_pb_contact_field][et_pb_contact_field field_id=\u00bbMessage\u00bb field_title=\u00bbMensaje\u00bb field_type=\u00bbtext\u00bb fullwidth_field=\u00bbon\u00bb _builder_version=\u00bb4.16&#8243; global_colors_info=\u00bb{}\u00bb button_text_size__hover_enabled=\u00bboff\u00bb button_one_text_size__hover_enabled=\u00bboff\u00bb button_two_text_size__hover_enabled=\u00bboff\u00bb button_text_color__hover_enabled=\u00bboff\u00bb button_one_text_color__hover_enabled=\u00bboff\u00bb button_two_text_color__hover_enabled=\u00bboff\u00bb button_border_width__hover_enabled=\u00bboff\u00bb button_one_border_width__hover_enabled=\u00bboff\u00bb button_two_border_width__hover_enabled=\u00bboff\u00bb button_border_color__hover_enabled=\u00bboff\u00bb button_one_border_color__hover_enabled=\u00bboff\u00bb button_two_border_color__hover_enabled=\u00bboff\u00bb button_border_radius__hover_enabled=\u00bboff\u00bb button_one_border_radius__hover_enabled=\u00bboff\u00bb button_two_border_radius__hover_enabled=\u00bboff\u00bb button_letter_spacing__hover_enabled=\u00bboff\u00bb button_one_letter_spacing__hover_enabled=\u00bboff\u00bb button_two_letter_spacing__hover_enabled=\u00bboff\u00bb button_bg_color__hover_enabled=\u00bboff\u00bb button_one_bg_color__hover_enabled=\u00bboff\u00bb button_two_bg_color__hover_enabled=\u00bboff\u00bb][\/et_pb_contact_field][\/et_pb_contact_form][\/et_pb_column][\/et_pb_row][\/et_pb_section]<\/p>\n","protected":false},"excerpt":{"rendered":"<p>EN CIENCIAS DE LA SALUD | REVSIMCSMOOC &#8211; COURSERANUEVA TEMPORADAPR\u00d3XIMOS EVENTOS<div class=\"et_pb_module dica_divi_carousel dica_divi_carousel_0\">\n\t\t\t\t\n\t\t\t\t\n\t\t\t\t\n\t\t\t\t\n\t\t\t\t\n\t\t\t\t\n\t\t\t\t<div class=\"et_pb_module_inner\">\n\t\t\t\t\t<div class=\"dica-container  desktop_middle-inside tablet_middle-inside mobile_middle-inside\" data-props='{\"desktop\":\"2\",\"tablet\":\"2\",\"mobile\":\"1\",\"speed\":\"1100\",\"arrow\":\"off\",\"dots\":\"off\",\"autoplay\":\"on\",\"autoSpeed\":\"1000\",\"loop\":\"off\",\"item_spacing\":\"30\",\"center_mode\":\"off\",\"slider_effec\":\"1\",\"cover_rotate\":\"50\",\"pause_onhover\":\"on\",\"multislide\":\"on\",\"cfshadow\":\"on\",\"order\":\"0\",\"lazyload\":\"off\",\"lazybefore\":\"off\",\"scroller_effect\":\"off\",\"autowidth\":\"off\",\"item_spacing_tablet\":\"30\",\"item_spacing_phone\":\"30\",\"scroller_speed\":\"4000\",\"hashNavigation\":\"off\",\"simulatetouch\":\"off\",\"allowtouchmove\":\"off\",\"slide_row\":\"1\",\"slide_row_tablet\":\"1\",\"slide_row_phone\":\"1\",\"keyboard\":\"off\",\"mousewheel\":\"off\",\"autoplay_viewport\":\"80%\"}'>\n\t\t\t\t\t\t\t \t<div class=\"swiper-container\" >\n\t\t\t\t\t\t\t\t\t<div class=\"swiper-wrapper\"><\/div>\t\n\t\t\t\t\t\t\t\t<\/div>\t\n\t\t\t\t\t\t\t\t\n\t\t\t\t\t\t\t\t\t\t\t\t\t\t\n\t\t\t\t\t\t\t<\/div>\n\t\t\t\t<\/div>\n\t\t\t<\/div><div class=\"et_pb_module dica_divi_carouselitem dica_divi_carouselitem_0\">\n\t\t\t\t\n\t\t\t\t\n\t\t\t\t\n\t\t\t\t\n\t\t\t\t\n\t\t\t\t\n\t\t\t\t<div class=\"et_pb_module_inner\">\n\t\t\t\t\t <div class=\"dica-item image_top\"   data-hash=\"dica_divi_carouselitem_0\">\n\t\t\t\t\t\t\t\t\t<div class=\"dica-image-container\"><a class=\"image\" href=\"https:\/\/www.sochisim.org\/copia-de-congreso-3\" target=\"_blank\"><img loading=\"lazy\" decoding=\"async\" src=\"https:\/\/redesim.facmed.unam.mx\/wp-content\/uploads\/2025\/09\/eventos.2025_01.jpg\" srcset=\"https:\/\/redesim.facmed.unam.mx\/wp-content\/uploads\/2025\/09\/eventos.2025_01.jpg 2083w, https:\/\/redesim.facmed.unam.mx\/wp-content\/uploads\/2025\/09\/eventos.2025_01-1280x768.jpg 1280w, https:\/\/redesim.facmed.unam.mx\/wp-content\/uploads\/2025\/09\/eventos.2025_01-980x588.jpg 980w, https:\/\/redesim.facmed.unam.mx\/wp-content\/uploads\/2025\/09\/eventos.2025_01-480x288.jpg 480w\" alt=\"\" class=\"dica-item-image\" width=\"2083\" height=\"1250\"\/><\/a><\/div>\n\t\t\t\t\t\t\t\t\t<div class=\"dica-item-content\"><h4 class=\"item-title\"><a href=\"https:\/\/www.sochisim.org\/copia-de-congreso-3\" target=\"_blank\">SOCHISIM | SANTIAGO<\/a><\/h4> <h6 class=\"item-subtitle\">IX CONGRESO SOCIEDAD CHILENA DE SIMULACI\u00d3N CL\u00cdNICA<\/h6>       <\/div>\n\t\t\t\t\t\t\t<\/div>\n\t\t\t\t<\/div>\n\t\t\t<\/div>SEGURIDAD PSICOL\u00d3GICA Y HUMANIZACI\u00d3N:UN GIRO AL [&hellip;]<\/p>\n","protected":false},"author":2,"featured_media":0,"parent":0,"menu_order":0,"comment_status":"closed","ping_status":"closed","template":"","meta":{"_et_pb_use_builder":"on","_et_pb_old_content":"","_et_gb_content_width":"","footnotes":""},"class_list":["post-22","page","type-page","status-publish","hentry"],"jetpack_sharing_enabled":true,"_links":{"self":[{"href":"https:\/\/redesim.facmed.unam.mx\/index.php\/wp-json\/wp\/v2\/pages\/22","targetHints":{"allow":["GET"]}}],"collection":[{"href":"https:\/\/redesim.facmed.unam.mx\/index.php\/wp-json\/wp\/v2\/pages"}],"about":[{"href":"https:\/\/redesim.facmed.unam.mx\/index.php\/wp-json\/wp\/v2\/types\/page"}],"author":[{"embeddable":true,"href":"https:\/\/redesim.facmed.unam.mx\/index.php\/wp-json\/wp\/v2\/users\/2"}],"replies":[{"embeddable":true,"href":"https:\/\/redesim.facmed.unam.mx\/index.php\/wp-json\/wp\/v2\/comments?post=22"}],"version-history":[{"count":47,"href":"https:\/\/redesim.facmed.unam.mx\/index.php\/wp-json\/wp\/v2\/pages\/22\/revisions"}],"predecessor-version":[{"id":733,"href":"https:\/\/redesim.facmed.unam.mx\/index.php\/wp-json\/wp\/v2\/pages\/22\/revisions\/733"}],"wp:attachment":[{"href":"https:\/\/redesim.facmed.unam.mx\/index.php\/wp-json\/wp\/v2\/media?parent=22"}],"curies":[{"name":"wp","href":"https:\/\/api.w.org\/{rel}","templated":true}]}}